{"id":342,"date":"2024-07-11T01:04:05","date_gmt":"2024-07-10T23:04:05","guid":{"rendered":"https:\/\/gorkapradas.com\/?page_id=342"},"modified":"2025-03-02T13:46:17","modified_gmt":"2025-03-02T12:46:17","slug":"elementor-342","status":"publish","type":"page","link":"https:\/\/gorkapradas.com\/","title":{"rendered":"Kaixo!"},"content":{"rendered":"\n<h1 class=\"wp-block-heading has-text-color has-link-color wp-elements-819bd0aada974df48d60a2c73f1e0767\" style=\"color:#535353;font-style:italic;font-weight:600\">KAIXO NIRE GUNE PROFESIONALERA!<\/h1>\n\n\n\n<p>Mi nombre es Gorka Pradas, ingeniero inform\u00e1tico de carrera y experto en movilidad urbana por la Universitat Polit\u00e8cnica de Catalunya y el EIT Urban Mobility, especializado en Smart Cities, transporte p\u00fablico y micromovilidad en el sector de la consultor\u00eda y an\u00e1lisis \ud83d\ude8e\ud83d\udef4\ud83d\udeb2\ud83d\ude8b<\/p>\n\n\n\n<p>Perfil internacional con altas capacidades de liderazgo y gesti\u00f3n de equipos\/proyectos<br>(presencial y a distancia) y amplios conocimientos transversales en innovaci\u00f3n, movilidad, sostenibilidad y comunicaci\u00f3n. Me he dedicado con total entrega al fomento de la movilidad sostenible y las ciudades sostenibles durante toda mi trayectoria mediante la comunicaci\u00f3n, organizaci\u00f3n, coordinaci\u00f3n y gesti\u00f3n de numerosos proyectos, programas y comunidades.<\/p>\n\n\n\n<p>En esta p\u00e1gina no s\u00f3lo encontrar\u00e9is mi curr\u00edculum actualizado al d\u00eda y las novedades en mis RRSS, sino que tambi\u00e9n podr\u00e9is disfrutar del contenido que escribo regularmente sobre movilidad, pol\u00edtica y otros asuntos de la vida urbana y rural. \u00a1Siempre estoy abierto a propuestas y networking que pueda beneficiar nuestro conocimiento y manera de ver los diferentes sectores que existen!<\/p>\n\n\n\n<p><strong>Hard skills:<\/strong> Consultor\u00eda, Community Management, Project Management, Comunicaci\u00f3n, Organizaci\u00f3n<\/p>\n\n\n\n<p><strong>Soft skills:<\/strong> Liderazgo, Gesti\u00f3n de equipos, Proactividad, Asesoramiento, Humanismo, Resiliencia.<\/p>\n\n\n\n<div class=\"wp-block-group\"><div class=\"wp-block-group__inner-container is-layout-constrained wp-block-group-is-layout-constrained\">\n<div class=\"wp-block-columns is-layout-flex wp-container-core-columns-is-layout-1 wp-block-columns-is-layout-flex\">\n<div class=\"wp-block-column is-layout-flow wp-block-column-is-layout-flow\">\n<figure class=\"wp-block-image size-large is-style-default\"><img fetchpriority=\"high\" decoding=\"async\" width=\"577\" height=\"1024\" src=\"https:\/\/gorkapradas.com\/wp-content\/uploads\/2024\/07\/photo_2_2024-07-11_23-40-08-577x1024.jpg\" alt=\"Junto a los compa\u00f1eros de AEDIVE, en una visita de la FEVEMP en el Mubil Expo de Irun\" class=\"wp-image-520\" style=\"object-fit:cover\" srcset=\"https:\/\/gorkapradas.com\/wp-content\/uploads\/2024\/07\/photo_2_2024-07-11_23-40-08-577x1024.jpg 577w, https:\/\/gorkapradas.com\/wp-content\/uploads\/2024\/07\/photo_2_2024-07-11_23-40-08-169x300.jpg 169w, https:\/\/gorkapradas.com\/wp-content\/uploads\/2024\/07\/photo_2_2024-07-11_23-40-08.jpg 721w\" sizes=\"(max-width: 577px) 100vw, 577px\" \/><\/figure>\n<\/div>\n\n\n\n<div class=\"wp-block-column is-layout-flow wp-block-column-is-layout-flow\">\n<figure class=\"wp-block-image size-large is-style-default\"><img decoding=\"async\" width=\"577\" height=\"1024\" src=\"https:\/\/gorkapradas.com\/wp-content\/uploads\/2024\/07\/photo_2024-07-01_15-34-13-2-577x1024.jpg\" alt=\"Comparecencia en el Ministerio de Transportes \" class=\"wp-image-465\" srcset=\"https:\/\/gorkapradas.com\/wp-content\/uploads\/2024\/07\/photo_2024-07-01_15-34-13-2-577x1024.jpg 577w, https:\/\/gorkapradas.com\/wp-content\/uploads\/2024\/07\/photo_2024-07-01_15-34-13-2-169x300.jpg 169w, https:\/\/gorkapradas.com\/wp-content\/uploads\/2024\/07\/photo_2024-07-01_15-34-13-2.jpg 721w\" sizes=\"(max-width: 577px) 100vw, 577px\" \/><\/figure>\n<\/div>\n\n\n\n<div class=\"wp-block-column is-layout-flow wp-block-column-is-layout-flow\">\n<figure class=\"wp-block-image size-large is-style-default\"><img decoding=\"async\" width=\"577\" height=\"1024\" src=\"https:\/\/gorkapradas.com\/wp-content\/uploads\/2024\/07\/photo_4_2024-07-11_23-40-08-577x1024.jpg\" alt=\"Visita de la FEVEMP a la delegaci\u00f3n china en el Mobile World Congress de Barcelona\" class=\"wp-image-519\" style=\"aspect-ratio:0.5625;object-fit:cover\" srcset=\"https:\/\/gorkapradas.com\/wp-content\/uploads\/2024\/07\/photo_4_2024-07-11_23-40-08-577x1024.jpg 577w, https:\/\/gorkapradas.com\/wp-content\/uploads\/2024\/07\/photo_4_2024-07-11_23-40-08-169x300.jpg 169w, https:\/\/gorkapradas.com\/wp-content\/uploads\/2024\/07\/photo_4_2024-07-11_23-40-08.jpg 721w\" sizes=\"(max-width: 577px) 100vw, 577px\" \/><\/figure>\n<\/div>\n<\/div>\n<\/div><\/div>\n\n\n\n<h2 class=\"wp-block-heading has-text-align-center\"><strong>ORAIN, HEMEN AURKITUKO NAUZU!<\/strong><\/h2>\n\n\n\n<p class=\"has-text-align-center\"><style>\/*! elementor - v3.22.0 - 26-06-2024 *\/&lt;br \/><br>.elementor-widget-google_maps .elementor-widget-container{overflow:hidden}.elementor-widget-google_maps .elementor-custom-embed{line-height:0}.elementor-widget-google_maps iframe{height:300px}<\/style><strong>email: <\/strong>gorka.pradas@gmail.com<\/p>\n\n\n\n<p class=\"has-text-align-center\"><iframe title=\"Dulantzi\" src=\"https:\/\/maps.google.com\/maps?q=Dulantzi&amp;t=m&amp;z=13&amp;output=embed&amp;iwloc=near\" aria-label=\"Dulantzi\"><\/iframe><\/p>\n\n\n<div\n    id=\"h5ap-player-1\"\n    data-id=\"h5ap-player-1\"\n    data-attributes=\"{&quot;uniqueId&quot;:&quot;player533&quot;,&quot;clientId&quot;:&quot;&quot;,&quot;align&quot;:&quot;&quot;,&quot;alignment&quot;:&quot;center&quot;,&quot;source&quot;:&quot;https:\\\/\\\/gorkapradas.com\\\/wp-content\\\/uploads\\\/2024\\\/07\\\/life-could-be-a-dream-street-corner-renaissance-lyrics.mp3&quot;,&quot;poster&quot;:&quot;&quot;,&quot;title&quot;:&quot;Audio Title&quot;,&quot;artist&quot;:&quot;Author Name&quot;,&quot;color&quot;:&quot;#fff&quot;,&quot;textColor&quot;:&quot;#fff&quot;,&quot;primaryColor&quot;:&quot;#195FF5&quot;,&quot;hoverColor&quot;:&quot;#00B3FF&quot;,&quot;skin&quot;:&quot;Default&quot;,&quot;repeat&quot;:false,&quot;autoplay&quot;:true,&quot;isSticky&quot;:false,&quot;muted&quot;:false,&quot;loader&quot;:false,&quot;saveState&quot;:false,&quot;disablePause&quot;:false,&quot;seekTime&quot;:10,&quot;startTime&quot;:0,&quot;download&quot;:true,&quot;width&quot;:&quot;100%&quot;,&quot;radius&quot;:&quot;10px&quot;,&quot;controls&quot;:{&quot;play&quot;:true,&quot;progress&quot;:true,&quot;duration&quot;:true,&quot;mute&quot;:true,&quot;volume&quot;:true,&quot;settings&quot;:true},&quot;CSS&quot;:&quot;&quot;,&quot;i18n&quot;:{&quot;restart&quot;:&quot;Restart&quot;,&quot;rewind&quot;:&quot;Rewind {seektime}s&quot;,&quot;play&quot;:&quot;Play&quot;,&quot;pause&quot;:&quot;Pause&quot;,&quot;fastForward:&quot;:&quot;Forward {seektime}s&quot;,&quot;seek&quot;:&quot;Seek&quot;,&quot;seekLabel&quot;:&quot;{currentTime} of {duration}&quot;,&quot;played&quot;:&quot;Played&quot;,&quot;buffered&quot;:&quot;Buffered&quot;,&quot;currentTime:&quot;:&quot;Current time&quot;,&quot;duration&quot;:&quot;Duration&quot;,&quot;volume&quot;:&quot;Volume&quot;,&quot;mute&quot;:&quot;Mute&quot;,&quot;unmute&quot;:&quot;Unmute&quot;,&quot;enableCaptions&quot;:&quot;Enable captions&quot;,&quot;disableCaptions&quot;:&quot;Disable captions&quot;,&quot;download&quot;:&quot;Download&quot;,&quot;enterFullscreen&quot;:&quot;Enter fullscreen&quot;,&quot;exitFullscreen&quot;:&quot;Exit fullscreen&quot;,&quot;frameTitle&quot;:&quot;Player for {title}&quot;,&quot;captions&quot;:&quot;Captions&quot;,&quot;settings&quot;:&quot;Settings&quot;,&quot;pip&quot;:&quot;PIP&quot;,&quot;menuBack&quot;:&quot;Go back to previous menu&quot;,&quot;speed&quot;:&quot;Speed&quot;,&quot;normal&quot;:&quot;Normal&quot;,&quot;quality&quot;:&quot;Quality&quot;,&quot;loop&quot;:&quot;Loop&quot;,&quot;start&quot;:&quot;Start&quot;,&quot;end&quot;:&quot;End&quot;,&quot;all&quot;:&quot;All&quot;,&quot;reset&quot;:&quot;Reset&quot;,&quot;disabled&quot;:&quot;Disabled&quot;,&quot;enabled&quot;:&quot;Enabled&quot;,&quot;advertisement&quot;:&quot;Ad&quot;,&quot;qualityBadge&quot;:{&quot;2160&quot;:&quot;4K&quot;,&quot;1440&quot;:&quot;HD&quot;,&quot;1080&quot;:&quot;HD&quot;,&quot;720&quot;:&quot;HD&quot;,&quot;576&quot;:&quot;SD&quot;,&quot;480&quot;:&quot;SD&quot;}},&quot;controlColor&quot;:&quot;#4a5464&quot;,&quot;preload&quot;:&quot;metadata&quot;,&quot;speed&quot;:{&quot;selected&quot;:1,&quot;speed&quot;:[&quot;0.5&quot;,&quot; 0.75&quot;,&quot; 1&quot;,&quot; 1.25&quot;,&quot; 1.5&quot;,&quot; 1.75&quot;,&quot; 2&quot;,&quot; 4&quot;,&quot; 8&quot;]},&quot;multiple_audio&quot;:false,&quot;defaultValue&quot;:{&quot;Default&quot;:{&quot;primaryColor&quot;:&quot;#4A5464&quot;,&quot;controlColor&quot;:&quot;#4A5464&quot;,&quot;bgColor&quot;:&quot;#F5F5F5&quot;},&quot;Fusion&quot;:{&quot;primaryColor&quot;:&quot;#fff&quot;,&quot;bgColor&quot;:&quot;#161616&quot;,&quot;controlColor&quot;:&quot;#fff&quot;},&quot;Stamp&quot;:{&quot;controlColor&quot;:&quot;#fff&quot;,&quot;bgColor&quot;:&quot;#161616&quot;},&quot;Wave&quot;:{&quot;primaryColor&quot;:&quot;#fff&quot;,&quot;controlColor&quot;:&quot;#fff&quot;,&quot;bgColor&quot;:&quot;#161616&quot;,&quot;textColor&quot;:&quot;#fff&quot;},&quot;Card-1&quot;:{&quot;primaryColor&quot;:&quot;#fff&quot;,&quot;controlColor&quot;:&quot;#161616&quot;,&quot;bgColor&quot;:&quot;#161616&quot;,&quot;textColor&quot;:&quot;#fff&quot;},&quot;Card-2&quot;:{&quot;primaryColor&quot;:&quot;#00FBF3&quot;,&quot;controlColor&quot;:&quot;#fff&quot;,&quot;bgColor&quot;:&quot;#161616&quot;,&quot;textColor&quot;:&quot;#fff&quot;},&quot;Simple-1&quot;:{&quot;primaryColor&quot;:&quot;#00dcff&quot;,&quot;controlColor&quot;:&quot;#fff&quot;,&quot;bgColor&quot;:&quot;#161616&quot;,&quot;textColor&quot;:&quot;#00dcff&quot;},&quot;Simple-2&quot;:{&quot;primaryColor&quot;:&quot;#06F7FF00&quot;,&quot;controlColor&quot;:&quot;#fff&quot;,&quot;bgColor&quot;:&quot;#161616&quot;},&quot;Player9&quot;:{&quot;primaryColor&quot;:&quot;#195FF6&quot;,&quot;controlColor&quot;:&quot;#fff&quot;,&quot;bgColor&quot;:&quot;#161616&quot;,&quot;textColor&quot;:&quot;#EDEFF2&quot;},&quot;Player10&quot;:{&quot;primaryColor&quot;:&quot;#195FF6&quot;,&quot;controlColor&quot;:&quot;#fff&quot;,&quot;bgColor&quot;:&quot;#161616&quot;,&quot;textColor&quot;:&quot;#EDEFF2&quot;},&quot;Player11&quot;:{&quot;primaryColor&quot;:&quot;#195FF6&quot;,&quot;controlColor&quot;:&quot;#fff&quot;,&quot;bgColor&quot;:&quot;#161616&quot;,&quot;textColor&quot;:&quot;#fff&quot;}}}\"\n    class=\"wp-block-h5ap-tailwind wp-block-h5ap-audioplayer\">\n    <\/div>\n","protected":false},"excerpt":{"rendered":"<p>KAIXO NIRE GUNE PROFESIONALERA! Mi nombre es Gorka Pradas, ingeniero inform\u00e1tico de carrera y experto en movilidad urbana por la Universitat Polit\u00e8cnica de Catalunya y el EIT Urban Mobility, especializado en Smart Cities, transporte p\u00fablico<\/p>\n","protected":false},"author":1,"featured_media":0,"parent":0,"menu_order":0,"comment_status":"closed","ping_status":"closed","template":"full-width.php","meta":{"om_disable_all_campaigns":false,"_monsterinsights_skip_tracking":false,"_monsterinsights_sitenote_active":false,"_monsterinsights_sitenote_note":"","_monsterinsights_sitenote_category":0,"_uf_show_specific_survey":0,"_uf_disable_surveys":false,"h5ap_radio_sources":[],"footnotes":""},"class_list":["post-342","page","type-page","status-publish","hentry"],"aioseo_notices":[],"_links":{"self":[{"href":"https:\/\/gorkapradas.com\/index.php\/wp-json\/wp\/v2\/pages\/342","targetHints":{"allow":["GET"]}}],"collection":[{"href":"https:\/\/gorkapradas.com\/index.php\/wp-json\/wp\/v2\/pages"}],"about":[{"href":"https:\/\/gorkapradas.com\/index.php\/wp-json\/wp\/v2\/types\/page"}],"author":[{"embeddable":true,"href":"https:\/\/gorkapradas.com\/index.php\/wp-json\/wp\/v2\/users\/1"}],"replies":[{"embeddable":true,"href":"https:\/\/gorkapradas.com\/index.php\/wp-json\/wp\/v2\/comments?post=342"}],"version-history":[{"count":54,"href":"https:\/\/gorkapradas.com\/index.php\/wp-json\/wp\/v2\/pages\/342\/revisions"}],"predecessor-version":[{"id":850,"href":"https:\/\/gorkapradas.com\/index.php\/wp-json\/wp\/v2\/pages\/342\/revisions\/850"}],"wp:attachment":[{"href":"https:\/\/gorkapradas.com\/index.php\/wp-json\/wp\/v2\/media?parent=342"}],"curies":[{"name":"wp","href":"https:\/\/api.w.org\/{rel}","templated":true}]}}